{"id":2802,"date":"2020-02-15T17:35:38","date_gmt":"2020-02-15T22:35:38","guid":{"rendered":"https:\/\/sites.generatepress.com\/abstract\/?page_id=520"},"modified":"2026-02-09T12:28:07","modified_gmt":"2026-02-09T11:28:07","slug":"szolgaltatasaink","status":"publish","type":"page","link":"https:\/\/pastihomes.com\/en\/szolgaltatasaink\/","title":{"rendered":"Szolg\u00e1ltat\u00e1saink"},"content":{"rendered":"<div class=\"gb-element-b8f241ac\">\n<div class=\"gb-element-ab64e731\">\n<h1 class=\"gb-text gb-text-3d4c2753\">Szolg\u00e1ltat\u00e1saink<\/h1>\n<\/div>\n<\/div>\n\n\n\n<section class=\"gb-element-2c794eab\" id=\"sales\">\n<div class=\"gb-element-c20e4b3b\">\n<h2 class=\"gb-text gb-text-61d70bef\"><strong>Ingatlan \u00e9rt\u00e9kes\u00edt\u00e9s \u00e9s b\u00e9rbead\u00e1s<\/strong><\/h2>\n\n\n\n<h3 class=\"gb-text gb-text-e8eaad78\">Gyere, nyiss vel\u00fcnk egy \u00faj kezdetet<\/h3>\n\n\n\n<p>T\u00f6bb mint 15 \u00e9ve &#8211; a devizav\u00e1ls\u00e1g idej\u00e9n &#8211; kezdtem el az ingatlan \u00e9rt\u00e9kes\u00edt\u00e9st, voltak\u00e9ppen szem\u00e9lyes motiv\u00e1lts\u00e1gb\u00f3l. A lak\u00e1shitelek t\u00f6rleszt\u0151 r\u00e9szleteik hirtelen, jelent\u0151sen megemelkedtek, l\u00e9pnem kellett, hogy megtarthassam az egyetlen forr\u00e1som, saj\u00e1t OTTHONOM. CSAL\u00c0DOKNAK &#8211; csal\u00e1don bel\u00fcl is &#8211; seg\u00edtettem a cs\u0151d sz\u00e9l\u00e9r\u0151l visszatal\u00e1lni, kil\u00e1balni a v\u00e1ls\u00e1gb\u00f3l, az ingatlanok \u00e9rt\u00e9k\u00e9t n\u00f6velni, hozamokat n\u00f6velni.<\/p>\n\n\n\n<p><strong>A sors a val\u00f3di HIVAT\u00c1SOM fel\u00e9 terelt: OTTHONTEREMT\u00c9S, ingatlanfejleszt\u00e9s \u00e9s szaktan\u00e1csad\u00e1s.<\/strong><\/p>\n\n\n\n<p>Enteri\u0151r tervez\u0151k\u00e9nt kicsit m\u00e1sk\u00e9pp vagyok \u201ebek\u00f6tve\u201d, a szok\u00e1sos \u201esales-es\u201d s\u00e9m\u00e1kat megreform\u00e1lva, \u201em\u00e1s\u201d <strong>\u00e9rt\u00e9kes\u00edt\u00e9si kult\u00far\u00e1ban hiszek: az azonos az azonosat vonzza. A bels\u0151 ir\u00e1nyt\u0171mre hallgatok.<\/strong><\/p>\n\n\n\n<p><strong><strong>Az ingatlanon nem t\u00fal kell adni, hanem kihozni bel\u0151le a maximumot, megl\u00e1ttatni benne rejl\u0151 lehet\u0151s\u00e9get, loj\u00e1lisan megk\u00f6zel\u00edtve a WIN- WIN eredm\u00e9nyt szem el\u0151tt tartva.<\/strong><\/strong><\/p>\n\n\n\n<p>Az els\u0151\u00a0ingatlanomat 2010-ben\u00a0teljesen\u00a0\u00faj strat\u00e9giai megk\u00f6zel\u00edt\u00e9ssel\u00a0piaci \u00e1r felett 45 %-al adtam b\u00e9rbe egy holland v\u00e1llalat m\u00e9rn\u00f6k\u00e9nek. Az\u00f3ta nem terhet jelentett az ingatlan, hanem j\u00f6vedelmez\u0151 bev\u00e9teli forr\u00e1ss\u00e1 v\u00e1lt. Ebben az id\u0151ben rengeteg csal\u00e1d a cs\u0151d sz\u00e9l\u00e9re ker\u00fclt. Sokan megkerestek, hogy oldjuk meg N\u00e1luk is az anyagi hi\u00e1nyt, k\u00fcl\u00f6nben a bankok \u201eelviszik\u201d otthonaikat, \u00e9s csal\u00e1dok roppannak meg.<\/p>\n\n\n\n<p>Az <strong>\u00faj szeml\u00e9letm\u00f3d, \u00e9rt\u00e9kes\u00edt\u00e9si strat\u00e9gia&nbsp;gyorsan&nbsp;meghozta a sikert<\/strong>, \u00edgy t\u00f6bb csal\u00e1d megtarthatta ingatlan\u00e1t, r\u00e1ad\u00e1sul plusz passz\u00edv j\u00f6vedelemforr\u00e1s n\u00f6velte sz\u00e1ml\u00e1juk egyenleg\u00e9t. <strong>Az emberi kapcsolatok, csal\u00e1dok t\u00e1mogat\u00e1sa \u00e9s a kreativit\u00e1s kibontakoztat\u00e1sa a legf\u0151bb mozgat\u00f3rug\u00f3m<\/strong>. Az\u00f3ta&nbsp;tov\u00e1bbaj\u00e1nl\u00e1ssal keresnek meg az \u00dcgyfelek (pl. mag\u00e1nszem\u00e9lyek, ingatlanfejleszt\u0151k, illetve befektet\u0151k).<strong>Sz\u00e1mos visszam\u00e9rhet\u0151 projekt: ingatlan fel\u00faj\u00edt\u00e1s, HOME STAGING, szakmai tan\u00e1csad\u00e1s, illetve beruh\u00e1z\u00e1s meghozta a v\u00e1rva v\u00e1rt sz\u00e1mokat<\/strong>. Az elm\u00falt 12 \u00e9vben az ingatlan \u00e9rt\u00e9kes\u00edt\u00e9s mellett folyamatosan tervez\u00fcnk (pl. lak\u00e1s, kont\u00e9nerh\u00e1z, h\u00e1z, \u00fczlet, ki\u00e1ll\u00edt\u00e1si stand) \u00e9s fel\u00faj\u00edtunk, illetve ig\u00e9ny szerint ezeket az ingatlanokat hossz\u00fa t\u00e1von b\u00e9rbeadjuk vagy \u00e9rt\u00e9kes\u00edtj\u00fck.<\/p>\n\n\n\n<p>12 orsz\u00e1gb\u00f3l \u00e9rkez\u0151 \u00dcgyf\u00e9l sz\u00ednes\u00edti palett\u00e1nkat, akik hossz\u00fa t\u00e1von ~ 8-10 \u00e9ve R\u00e1nk b\u00edzz\u00e1k ingatlanjaikat.<\/p>\n\n\n\n<h3 class=\"gb-text gb-text-41b79e23\">Miben seg\u00edt\u00fcnk?<\/h3>\n\n\n\n<ul class=\"wp-block-list\">\n<li>el\u0151k\u00e9sz\u00edt\u00e9s \u00e9s pozicion\u00e1l\u00e1s az ingatlan piacon<\/li>\n\n\n\n<li>hirdet\u00e9si strat\u00e9gia \/ ig\u00e9nyes fot\u00f3- \u00e9s sz\u00f6veges dokument\u00e1ci\u00f3<\/li>\n\n\n\n<li>t\u00e1rgyal\u00e1sok, aj\u00e1nlatok menedzsel\u00e9se<\/li>\n\n\n\n<li>teljes k\u00f6r\u0171 \u00fcgylet lebonyol\u00edt\u00e1s \u00fcgyv\u00e9di h\u00e1tt\u00e9rrel<\/li>\n<\/ul>\n\n\n\n\n\n<a class=\"gb-text gb-text-8640055d\" href=\"https:\/\/pastihomes.com\/en\/kapcsolat\/\">Felveszem a kapcsolatot!<\/a>\n<\/div>\n\n\n\n<div class=\"gb-element-89a11713\">\n<img decoding=\"async\" width=\"1365\" height=\"2048\" class=\"gb-media-880278b9\" src=\"https:\/\/pastihomes.com\/wp-content\/uploads\/2026\/02\/ingatlan-ertekesites-es-berbeadas-fulhoz.jpg\" alt=\"\" title=\"ingatlan e\u0301rte\u0301kesi\u0301te\u0301s e\u0301s be\u0301rbeada\u0301s fu\u0308lho\u0308z\" srcset=\"https:\/\/pastihomes.com\/wp-content\/uploads\/2026\/02\/ingatlan-ertekesites-es-berbeadas-fulhoz.jpg 1365w, https:\/\/pastihomes.com\/wp-content\/uploads\/2026\/02\/ingatlan-ertekesites-es-berbeadas-fulhoz-200x300.jpg 200w, https:\/\/pastihomes.com\/wp-content\/uploads\/2026\/02\/ingatlan-ertekesites-es-berbeadas-fulhoz-683x1024.jpg 683w, https:\/\/pastihomes.com\/wp-content\/uploads\/2026\/02\/ingatlan-ertekesites-es-berbeadas-fulhoz-768x1152.jpg 768w, https:\/\/pastihomes.com\/wp-content\/uploads\/2026\/02\/ingatlan-ertekesites-es-berbeadas-fulhoz-1024x1536.jpg 1024w, https:\/\/pastihomes.com\/wp-content\/uploads\/2026\/02\/ingatlan-ertekesites-es-berbeadas-fulhoz-8x12.jpg 8w\" sizes=\"(max-width: 1365px) 100vw, 1365px\" \/>\n<\/div>\n<\/section>\n\n\n\n<section class=\"gb-element-4349b865\" id=\"tanacsadas\">\n<div class=\"gb-element-02542a93\">\n<h2 class=\"gb-text gb-text-69a36db5\"><strong>Ingatlanfejleszt\u00e9si tan\u00e1csad\u00e1s<\/strong><\/h2>\n\n\n\n<p>Egy ingatlan val\u00f3di \u00e9rt\u00e9ke a r\u00e9szleteken is m\u00falik. Tan\u00e1csad\u00e1saink sor\u00e1n abban seg\u00edt\u00fcnk, hogy \u00fcgyfeleink a lehet\u0151 legjobb d\u00f6nt\u00e9seket hozz\u00e1k meg \u2013 a v\u00e1s\u00e1rl\u00e1st\u00f3l a fejleszt\u00e9sen \u00e1t eg\u00e9szen az \u00e9rt\u00e9kes\u00edt\u00e9sig.<\/p>\n\n\n\n<h3 class=\"gb-text gb-text-365d795e\">Miben seg\u00edt\u00fcnk?<\/h3>\n\n\n\n<ul class=\"wp-block-list\">\n<li><strong>Ingatlan ad\u00e1s-v\u00e9telre vonatkoz\u00f3 tan\u00e1csad\u00e1s:<\/strong> Megmutatjuk, milyen ingatlant \u00e9rdemes megv\u00e1s\u00e1rolni befektet\u00e9si vagy otthonteremt\u00e9si c\u00e9llal, felh\u00edvjuk a figyelmet a v\u00e1s\u00e1rl\u00e1s sor\u00e1n el\u0151fordul\u00f3 buktat\u00f3kra. T\u00e1mogatjuk \u00fcgyfeleinket, hogy a lehet\u0151 legjobb felt\u00e9telekkel tudjanak ingatlant v\u00e1s\u00e1rolni, eladni, kiadni \u00e9s szerz\u0151d\u00e9st k\u00f6tni.<\/li>\n\n\n\n<li><strong>Ingatlan \u00e9rt\u00e9kn\u00f6vel\u00e9se:<\/strong> Javaslatot adunk, milyen fejleszt\u00e9sek \u00e9s fel\u00faj\u00edt\u00e1sok n\u00f6velik legink\u00e1bb az ingatlan \u00e9rt\u00e9k\u00e9t vagy milyen fejleszt\u00e9sekkel maximaliz\u00e1lhat\u00f3 az ingatlankiad\u00e1sb\u00f3l ad\u00f3d\u00f3 hozam. Naprak\u00e9sz inform\u00e1ci\u00f3t ny\u00fajtunk az aktu\u00e1lis ingatlanpiaci helyzetr\u0151l.<\/li>\n\n\n\n<li><strong>V\u00e1s\u00e1rl\u00e1si \u00e9s \u00e9rt\u00e9kes\u00edt\u00e9si lehet\u0151s\u00e9gek saj\u00e1t ingatlanportf\u00f3li\u00f3b\u00f3l:<\/strong> Saj\u00e1t ingatlanportf\u00f3li\u00f3nkb\u00f3l is k\u00edn\u00e1lunk lehet\u0151s\u00e9geket, \u00edgy, ha az \u00fcgyf\u00e9l ig\u00e9nyt tart r\u00e1,&nbsp; a keres\u00e9st\u0151l az \u00e9rt\u00e9kes\u00edt\u00e9sig levessz\u00fck a terhet \u00fcgyfeleink v\u00e1ll\u00e1r\u00f3l.<\/li>\n<\/ul>\n\n\n\n<p><strong>C\u00e9lunk<\/strong>, hogy \u00fcgyfeleink ingatlanfejleszt\u00e9se biztons\u00e1gosan \u00e9s a lehet\u0151 legnagyobb \u00e9rt\u00e9kn\u00f6veked\u00e9ssel t\u00e9r\u00fclj\u00f6n meg ak\u00e1r ingatlanbefektet\u00e9sr\u0151l, ak\u00e1r otthonteremt\u00e9sr\u0151l van sz\u00f3.<\/p>\n\n\n\n<a class=\"gb-text gb-text-a2e52990\" href=\"https:\/\/pastihomes.com\/en\/kapcsolat\/\">Felveszem a kapcsolatot!<\/a>\n<\/div>\n\n\n\n<div class=\"gb-element-b4c3f496\">\n<img decoding=\"async\" width=\"2048\" height=\"1536\" class=\"gb-media-c3a332aa\" src=\"https:\/\/pastihomes.com\/wp-content\/uploads\/2025\/10\/Projekt_Matyashegyiut_1.jpg\" alt=\"\" title=\"Projekt_Matyashegyiut_1\" srcset=\"https:\/\/pastihomes.com\/wp-content\/uploads\/2025\/10\/Projekt_Matyashegyiut_1.jpg 2048w, https:\/\/pastihomes.com\/wp-content\/uploads\/2025\/10\/Projekt_Matyashegyiut_1-300x225.jpg 300w, https:\/\/pastihomes.com\/wp-content\/uploads\/2025\/10\/Projekt_Matyashegyiut_1-1024x768.jpg 1024w, https:\/\/pastihomes.com\/wp-content\/uploads\/2025\/10\/Projekt_Matyashegyiut_1-768x576.jpg 768w, https:\/\/pastihomes.com\/wp-content\/uploads\/2025\/10\/Projekt_Matyashegyiut_1-1536x1152.jpg 1536w\" sizes=\"(max-width: 2048px) 100vw, 2048px\" \/>\n<\/div>\n<\/section>\n\n\n\n<section class=\"gb-element-b34b2443\" id=\"tervezes\">\n<div class=\"gb-element-fdbf738f\">\n<h2 class=\"gb-text gb-text-4d63bfb8\"><strong><strong>Tervez\u00e9s, kivitelez\u00e9s t\u00e1mogat\u00e1sa<\/strong><\/strong><\/h2>\n\n\n\n<p>Szem\u00e9lyre szabott tervez\u00e9si szolg\u00e1ltat\u00e1sunkkal seg\u00edt\u00fcnk az ingatlan \u00e9rt\u00e9k\u00e9nek maximaliz\u00e1l\u00e1s\u00e1ban vagy \u00e1lmai otthon\u00e1nak kialak\u00edt\u00e1s\u00e1ban, figyelembe v\u00e9ve a funkcionalit\u00e1st, a st\u00edlust, az eszt\u00e9tik\u00e1t \u00e9s a c\u00e9lcsoportot.<\/p>\n\n\n\n<h3 class=\"gb-text gb-text-94163c44\">Miben seg\u00edt\u00fcnk?<\/h3>\n\n\n\n<ul class=\"wp-block-list\">\n<li><strong>C\u00e9lok meghat\u00e1roz\u00e1sa: <\/strong>k\u00f6z\u00f6sen \u00f6ssze\u00e1ll\u00edtjuk a c\u00e9lokat figyelembe v\u00e9ve, hogy otthonkialak\u00edt\u00e1sr\u00f3l vagy befektet\u00e9si c\u00e9l\u00fa ingatfejleszt\u00e9sr\u0151l van sz\u00f3.<\/li>\n\n\n\n<li><strong>Konzult\u00e1ci\u00f3 \u00e9s ig\u00e9nyfelm\u00e9r\u00e9s:<\/strong> az ig\u00e9nyeket, a c\u00e9lokat, a c\u00e9lcsoportot \u00e9s a k\u00f6lts\u00e9gvet\u00e9st szem el\u0151tt tartva az alaprajz \u00e9s a funkcion\u00e1lis k\u00f6vetelm\u00e9nyek \u00e1ttekint\u00e9se, az elk\u00e9pzel\u00e9sek pontos\u00edt\u00e1sa \u00e9s finom\u00edt\u00e1sa.<\/li>\n\n\n\n<li><strong>Koncepci\u00f3terv, enteri\u0151rtervez\u00e9s 3D l\u00e1tv\u00e1nyterv k\u00e9sz\u00edt\u00e9se:<\/strong> tervlap, koncepci\u00f3 \u00e9s \u00e1talak\u00edt\u00e1si \u00e9s l\u00e1tv\u00e1nyterv terv k\u00e9sz\u00edt\u00e9se, valamint a megfelel\u0151 anyagok, sz\u00ednek, vil\u00e1g\u00edt\u00e1s \u00e9s enteri\u0151r kialak\u00edt\u00e1sa, amely seg\u00edt elk\u00e9pzelni a v\u00e9geredm\u00e9nyt.<\/li>\n\n\n\n<li><strong>Kivitelez\u00e9s t\u00e1mogat\u00e1sa:<\/strong> seg\u00edt\u00fcnk a megb\u00edzhat\u00f3 szakemberek megtal\u00e1l\u00e1s\u00e1ban, hogy a fejleszt\u00e9s a terveknek megfelel\u0151en val\u00f3suljon meg.<\/li>\n<\/ul>\n\n\n\n<p><strong>Aj\u00e1nljuk azoknak,<\/strong> akik szeretn\u00e9k, hogy ingatlanuk minden r\u00e9szlete alaposan \u00e1tgondolt, harmonikus legyen, illetve tervek a gyakorlatban is t\u00f6k\u00e9letesen megval\u00f3suljanak \u2013 legyen sz\u00f3 saj\u00e1t otthonr\u00f3l vagy befektet\u00e9si c\u00e9llal hasznos\u00edtott ingatlanr\u00f3l.<\/p>\n\n\n\n<a class=\"gb-text gb-text-a030fcae\" href=\"https:\/\/pastihomes.com\/en\/kapcsolat\/\">Felveszem a kapcsolatot!<\/a>\n<\/div>\n\n\n\n<div class=\"gb-element-29f5d995\">\n<img decoding=\"async\" width=\"2560\" height=\"1562\" class=\"gb-media-55e43fe5\" src=\"https:\/\/pastihomes.com\/wp-content\/uploads\/2026\/01\/tervezes-kivitelezes-tamogatasa_uj-kep-scaled.jpg\" alt=\"Tervez\u00e9s \u00e9s t\u00e1mogat\u00e1s k\u00e9p\" title=\"terveze\u0301s kiviteleze\u0301s ta\u0301mogata\u0301sa_u\u0301j ke\u0301p\" srcset=\"https:\/\/pastihomes.com\/wp-content\/uploads\/2026\/01\/tervezes-kivitelezes-tamogatasa_uj-kep-scaled.jpg 2560w, https:\/\/pastihomes.com\/wp-content\/uploads\/2026\/01\/tervezes-kivitelezes-tamogatasa_uj-kep-300x183.jpg 300w, https:\/\/pastihomes.com\/wp-content\/uploads\/2026\/01\/tervezes-kivitelezes-tamogatasa_uj-kep-1024x625.jpg 1024w, https:\/\/pastihomes.com\/wp-content\/uploads\/2026\/01\/tervezes-kivitelezes-tamogatasa_uj-kep-768x469.jpg 768w, https:\/\/pastihomes.com\/wp-content\/uploads\/2026\/01\/tervezes-kivitelezes-tamogatasa_uj-kep-1536x937.jpg 1536w, https:\/\/pastihomes.com\/wp-content\/uploads\/2026\/01\/tervezes-kivitelezes-tamogatasa_uj-kep-2048x1249.jpg 2048w, https:\/\/pastihomes.com\/wp-content\/uploads\/2026\/01\/tervezes-kivitelezes-tamogatasa_uj-kep-18x12.jpg 18w\" sizes=\"(max-width: 2560px) 100vw, 2560px\" \/>\n<\/div>\n<\/section>\n\n\n\n<section class=\"gb-element-1a861490\" id=\"homestaging\">\n<div class=\"gb-element-e551e4de\">\n<h2 class=\"gb-text gb-text-bbe34f2f\"><strong><strong><strong>HOME STAGING<\/strong><\/strong><\/strong><\/h2>\n\n\n\n<p>A <em>home staging<\/em> seg\u00edts\u00e9g\u00e9vel ingatlanod gyorsabban \u00e9s<strong> ak\u00e1r 25 %-kal magasabb \u00e1ron tal\u00e1l vev\u0151re<\/strong> <strong>vagy b\u00e9rl\u0151re<\/strong> figyelembe v\u00e9ve az ingatlan c\u00e9lcsoportj\u00e1t. St\u00edlusos berendez\u00e9ssel \u00e9s harmonikus enteri\u0151rrel az \u00e9rdekl\u0151d\u0151k k\u00f6nnyen elk\u00e9pzelhetik magukat a t\u00e9rben, \u00edgy az ingatlan kit\u0171nik a piaci k\u00edn\u00e1latb\u00f3l.<\/p>\n\n\n\n<h3 class=\"gb-text gb-text-062c2a52\">Miben seg\u00edt\u00fcnk?<\/h3>\n\n\n\n<ul class=\"wp-block-list\">\n<li><strong>Tan\u00e1csad\u00e1s \u00e9s c\u00e9lkit\u0171z\u00e9s:<\/strong> meghat\u00e1rozzuk a c\u00e9lt (elad\u00e1s, b\u00e9rbead\u00e1s vagy saj\u00e1t otthon kialak\u00edt\u00e1sa), a b\u00fcdzs\u00e9t, hat\u00e1rid\u0151t, st\u00edlust \u00e9s c\u00e9lcsoportot.<\/li>\n\n\n\n<li><strong>Felk\u00e9sz\u00edt\u00e9s \u00e9s berendez\u00e9s:<\/strong> kisebb fel\u00faj\u00edt\u00e1sok, b\u00fatorok, dekor\u00e1ci\u00f3k \u00e9s sz\u00ednek harmoniz\u00e1l\u00e1sa a t\u00e9r karakter\u00e9hez ill\u0151en. A t\u00e9r st\u00edlusos, ig\u00e9nyes berendez\u00e9s\u00e9vel az \u00e9rdekl\u0151d\u0151k vagy leend\u0151 lak\u00f3k k\u00f6nnyen elk\u00e9pzelhetik magukat az ingatlanban.<\/li>\n\n\n\n<li><strong>K\u00e9sz enteri\u0151r, dekor\u00e1ci\u00f3:<\/strong> a st\u00edlusos, ig\u00e9nyes berendez\u00e9s a legjobb benyom\u00e1st kelti az \u00e9rdekl\u0151d\u0151kben, \u00e9s kiemeli az ingatlanban rejl\u0151 lehet\u0151s\u00e9geket. \u00cdgy a j\u00f3 \u00e1llapot\u00fa h\u00e1zak, lak\u00e1sok, \u00fczlethelyis\u00e9gek \u00e9s irod\u00e1k is versenyk\u00e9pesebbek lesznek az ingatlan piacon.<\/li>\n<\/ul>\n\n\n\n<p><strong>Aj\u00e1nljuk azoknak<\/strong>, akik szeretn\u00e9k saj\u00e1t ingatlanjukat elad\u00e1sra vagy kiad\u00e1sra felk\u00e9sz\u00edteni, de ehhez szakmai ir\u00e1nymutat\u00e1sra \u00e9s tapasztalt tervez\u0151i szemre van sz\u00fcks\u00e9g\u00fck. Azoknak is seg\u00edt a szolg\u00e1ltat\u00e1s, akik saj\u00e1t otthonukat szeretn\u00e9k eszt\u00e9tikusan \u00e9s ig\u00e9nyeiknek megfelel\u0151en kialak\u00edtani.<\/p>\n\n\n\n<a class=\"gb-text gb-text-65b48f36\" href=\"https:\/\/pastihomes.com\/en\/kapcsolat\/\">Felveszem a kapcsolatot!<\/a>\n<\/div>\n\n\n\n<div class=\"gb-element-fb6ff00a\">\n<img decoding=\"async\" width=\"1920\" height=\"2560\" class=\"gb-media-2a5b2143\" src=\"https:\/\/pastihomes.com\/wp-content\/uploads\/2025\/10\/Projekt_Vaciutca_BusinessApartment_1-scaled.jpg\" alt=\"\" title=\"Projekt_Vaciutca_BusinessApartment_1\" srcset=\"https:\/\/pastihomes.com\/wp-content\/uploads\/2025\/10\/Projekt_Vaciutca_BusinessApartment_1-scaled.jpg 1920w, https:\/\/pastihomes.com\/wp-content\/uploads\/2025\/10\/Projekt_Vaciutca_BusinessApartment_1-225x300.jpg 225w, https:\/\/pastihomes.com\/wp-content\/uploads\/2025\/10\/Projekt_Vaciutca_BusinessApartment_1-768x1024.jpg 768w, https:\/\/pastihomes.com\/wp-content\/uploads\/2025\/10\/Projekt_Vaciutca_BusinessApartment_1-1152x1536.jpg 1152w, https:\/\/pastihomes.com\/wp-content\/uploads\/2025\/10\/Projekt_Vaciutca_BusinessApartment_1-1536x2048.jpg 1536w\" sizes=\"(max-width: 1920px) 100vw, 1920px\" \/>\n<\/div>\n<\/section>\n\n\n\n<section class=\"gb-element-68db04b0\" id=\"vilagitas\">\n<div class=\"gb-element-1435d830\">\n<h2 class=\"gb-text gb-text-c95be0d4\"><strong><strong><strong><strong>\u00c9p\u00edt\u00e9szeti\u00a0 vil\u00e1g\u00edt\u00e1s tervez\u00e9s<\/strong><\/strong><\/strong><\/strong><\/h2>\n\n\n\n<h3 class=\"gb-text gb-text-c3dec075\">Miben seg\u00edt\u00fcnk?<\/h3>\n\n\n\n<ol class=\"wp-block-list\">\n<li>Konzult\u00e1ci\u00f3, ig\u00e9nyfelm\u00e9r\u00e9s<\/li>\n\n\n\n<li>A l\u00e1t\u00e1s \u00e9s f\u00e9ny: mennyis\u00e9gi alapfogalmak<\/li>\n\n\n\n<li>Sz\u00edn, spektrum, sz\u00ednelm\u00e9let, a f\u00e9ny \u00fatja \u00e9s a term\u00e9szetes f\u00e9ny<\/li>\n\n\n\n<li>Mesters\u00e9ges f\u00e9ny: f\u00e9nyforr\u00e1sok, l\u00e1mpatestek, vil\u00e1g\u00edt\u00e1si eszk\u00f6z\u00f6k<\/li>\n\n\n\n<li>Vez\u00e9rl\u00e9s, vil\u00e1g\u00edt\u00e1si k\u00e9p<\/li>\n\n\n\n<li>F\u00e9ny \u00e9s forma<\/li>\n\n\n\n<li>Vil\u00e1g\u00edt\u00e1si koncepci\u00f3 megalkot\u00e1sa<\/li>\n\n\n\n<li>Hat\u00e1skelt\u00e9s, atmoszf\u00e9rateremt\u00e9s<\/li>\n\n\n\n<li>Belt\u00e9ri vil\u00e1g\u00edt\u00e1s a gyakorlatban<\/li>\n<\/ol>\n\n\n\n<a class=\"gb-text gb-text-5a2de48c\" href=\"https:\/\/pastihomes.com\/en\/kapcsolat\/\">Felveszem a kapcsolatot!<\/a>\n<\/div>\n\n\n\n<div class=\"gb-element-242552dc\">\n<img decoding=\"async\" width=\"1280\" height=\"1920\" class=\"gb-media-15296bc7\" src=\"https:\/\/pastihomes.com\/wp-content\/uploads\/2026\/01\/5.VILAGITASTERVEZES.jpg\" alt=\"Vil\u00e1g\u00edt\u00e1stervez\u00e9s\" title=\"Vil\u00e1g\u00edt\u00e1stervez\u00e9s\" srcset=\"https:\/\/pastihomes.com\/wp-content\/uploads\/2026\/01\/5.VILAGITASTERVEZES.jpg 1280w, https:\/\/pastihomes.com\/wp-content\/uploads\/2026\/01\/5.VILAGITASTERVEZES-200x300.jpg 200w, https:\/\/pastihomes.com\/wp-content\/uploads\/2026\/01\/5.VILAGITASTERVEZES-683x1024.jpg 683w, https:\/\/pastihomes.com\/wp-content\/uploads\/2026\/01\/5.VILAGITASTERVEZES-768x1152.jpg 768w, https:\/\/pastihomes.com\/wp-content\/uploads\/2026\/01\/5.VILAGITASTERVEZES-1024x1536.jpg 1024w, https:\/\/pastihomes.com\/wp-content\/uploads\/2026\/01\/5.VILAGITASTERVEZES-8x12.jpg 8w\" sizes=\"(max-width: 1280px) 100vw, 1280px\" \/>\n<\/div>\n<\/section>","protected":false},"excerpt":{"rendered":"","protected":false},"author":1,"featured_media":0,"parent":0,"menu_order":0,"comment_status":"closed","ping_status":"closed","template":"","meta":{"footnotes":""},"tags":[],"class_list":{"0":"post-2802","1":"page","2":"type-page","3":"status-publish","5":"infinite-scroll-item"},"yoast_head":"<!-- This site is optimized with the Yoast SEO Premium plugin v26.9 (Yoast SEO v26.9) - https:\/\/yoast.com\/product\/yoast-seo-premium-wordpress\/ -->\n<title>Szolg\u00e1ltat\u00e1saink - PASTI HOMES<\/title>\n<meta name=\"robots\" content=\"index, follow, max-snippet:-1, max-image-preview:large, max-video-preview:-1\" \/>\n<link rel=\"canonical\" href=\"https:\/\/pastihomes.com\/en\/szolgaltatasaink\/\" \/>\n<meta property=\"og:locale\" content=\"en_US\" \/>\n<meta property=\"og:type\" content=\"article\" \/>\n<meta property=\"og:title\" content=\"Szolg\u00e1ltat\u00e1saink\" \/>\n<meta property=\"og:url\" content=\"https:\/\/pastihomes.com\/en\/szolgaltatasaink\/\" \/>\n<meta property=\"og:site_name\" content=\"PASTI HOMES\" \/>\n<meta property=\"article:publisher\" content=\"https:\/\/www.facebook.com\/pastihomes\" \/>\n<meta property=\"article:modified_time\" content=\"2026-02-09T11:28:07+00:00\" \/>\n<meta property=\"og:image\" content=\"https:\/\/pastihomes.com\/wp-content\/uploads\/2026\/02\/ingatlan-ertekesites-es-berbeadas-fulhoz.jpg\" \/>\n<meta name=\"twitter:card\" content=\"summary_large_image\" \/>\n<meta name=\"twitter:label1\" content=\"Est. reading time\" \/>\n\t<meta name=\"twitter:data1\" content=\"8 minutes\" \/>\n<script type=\"application\/ld+json\" class=\"yoast-schema-graph\">{\"@context\":\"https:\/\/schema.org\",\"@graph\":[{\"@type\":\"WebPage\",\"@id\":\"https:\/\/pastihomes.com\/szolgaltatasaink\/\",\"url\":\"https:\/\/pastihomes.com\/szolgaltatasaink\/\",\"name\":\"Szolg\u00e1ltat\u00e1saink - PASTI HOMES\",\"isPartOf\":{\"@id\":\"https:\/\/pastihomes.com\/#website\"},\"primaryImageOfPage\":{\"@id\":\"https:\/\/pastihomes.com\/szolgaltatasaink\/#primaryimage\"},\"image\":{\"@id\":\"https:\/\/pastihomes.com\/szolgaltatasaink\/#primaryimage\"},\"thumbnailUrl\":\"https:\/\/pastihomes.com\/wp-content\/uploads\/2026\/02\/ingatlan-ertekesites-es-berbeadas-fulhoz.jpg\",\"datePublished\":\"2020-02-15T22:35:38+00:00\",\"dateModified\":\"2026-02-09T11:28:07+00:00\",\"breadcrumb\":{\"@id\":\"https:\/\/pastihomes.com\/szolgaltatasaink\/#breadcrumb\"},\"inLanguage\":\"en-US\",\"potentialAction\":[{\"@type\":\"ReadAction\",\"target\":[\"https:\/\/pastihomes.com\/szolgaltatasaink\/\"]}]},{\"@type\":\"ImageObject\",\"inLanguage\":\"en-US\",\"@id\":\"https:\/\/pastihomes.com\/szolgaltatasaink\/#primaryimage\",\"url\":\"https:\/\/pastihomes.com\/wp-content\/uploads\/2026\/02\/ingatlan-ertekesites-es-berbeadas-fulhoz.jpg\",\"contentUrl\":\"https:\/\/pastihomes.com\/wp-content\/uploads\/2026\/02\/ingatlan-ertekesites-es-berbeadas-fulhoz.jpg\"},{\"@type\":\"BreadcrumbList\",\"@id\":\"https:\/\/pastihomes.com\/szolgaltatasaink\/#breadcrumb\",\"itemListElement\":[{\"@type\":\"ListItem\",\"position\":1,\"name\":\"Kezd\u0151lap\",\"item\":\"https:\/\/pastihomes.com\/\"},{\"@type\":\"ListItem\",\"position\":2,\"name\":\"Szolg\u00e1ltat\u00e1saink\"}]},{\"@type\":\"WebSite\",\"@id\":\"https:\/\/pastihomes.com\/#website\",\"url\":\"https:\/\/pastihomes.com\/\",\"name\":\"PASTI HOMES\",\"description\":\"Pasti Homes Real estates\",\"publisher\":{\"@id\":\"https:\/\/pastihomes.com\/#organization\"},\"potentialAction\":[{\"@type\":\"SearchAction\",\"target\":{\"@type\":\"EntryPoint\",\"urlTemplate\":\"https:\/\/pastihomes.com\/?s={search_term_string}\"},\"query-input\":{\"@type\":\"PropertyValueSpecification\",\"valueRequired\":true,\"valueName\":\"search_term_string\"}}],\"inLanguage\":\"en-US\"},{\"@type\":\"Organization\",\"@id\":\"https:\/\/pastihomes.com\/#organization\",\"name\":\"P\u00c1STI HOMES\",\"url\":\"https:\/\/pastihomes.com\/\",\"logo\":{\"@type\":\"ImageObject\",\"inLanguage\":\"en-US\",\"@id\":\"https:\/\/pastihomes.com\/#\/schema\/logo\/image\/\",\"url\":\"https:\/\/pastihomes.com\/wp-content\/uploads\/2020\/12\/pasti_logo_02_arany.png\",\"contentUrl\":\"https:\/\/pastihomes.com\/wp-content\/uploads\/2020\/12\/pasti_logo_02_arany.png\",\"width\":500,\"height\":300,\"caption\":\"P\u00c1STI HOMES\"},\"image\":{\"@id\":\"https:\/\/pastihomes.com\/#\/schema\/logo\/image\/\"},\"sameAs\":[\"https:\/\/www.facebook.com\/pastihomes\",\"https:\/\/www.instagram.com\/beatapasti\/\"]}]}<\/script>\n<!-- \/ Yoast SEO Premium plugin. -->","yoast_head_json":{"title":"Szolg\u00e1ltat\u00e1saink - PASTI HOMES","robots":{"index":"index","follow":"follow","max-snippet":"max-snippet:-1","max-image-preview":"max-image-preview:large","max-video-preview":"max-video-preview:-1"},"canonical":"https:\/\/pastihomes.com\/en\/szolgaltatasaink\/","og_locale":"en_US","og_type":"article","og_title":"Szolg\u00e1ltat\u00e1saink","og_url":"https:\/\/pastihomes.com\/en\/szolgaltatasaink\/","og_site_name":"PASTI HOMES","article_publisher":"https:\/\/www.facebook.com\/pastihomes","article_modified_time":"2026-02-09T11:28:07+00:00","og_image":[{"url":"https:\/\/pastihomes.com\/wp-content\/uploads\/2026\/02\/ingatlan-ertekesites-es-berbeadas-fulhoz.jpg","type":"","width":"","height":""}],"twitter_card":"summary_large_image","twitter_misc":{"Est. reading time":"8 minutes"},"schema":{"@context":"https:\/\/schema.org","@graph":[{"@type":"WebPage","@id":"https:\/\/pastihomes.com\/szolgaltatasaink\/","url":"https:\/\/pastihomes.com\/szolgaltatasaink\/","name":"Szolg\u00e1ltat\u00e1saink - PASTI HOMES","isPartOf":{"@id":"https:\/\/pastihomes.com\/#website"},"primaryImageOfPage":{"@id":"https:\/\/pastihomes.com\/szolgaltatasaink\/#primaryimage"},"image":{"@id":"https:\/\/pastihomes.com\/szolgaltatasaink\/#primaryimage"},"thumbnailUrl":"https:\/\/pastihomes.com\/wp-content\/uploads\/2026\/02\/ingatlan-ertekesites-es-berbeadas-fulhoz.jpg","datePublished":"2020-02-15T22:35:38+00:00","dateModified":"2026-02-09T11:28:07+00:00","breadcrumb":{"@id":"https:\/\/pastihomes.com\/szolgaltatasaink\/#breadcrumb"},"inLanguage":"en-US","potentialAction":[{"@type":"ReadAction","target":["https:\/\/pastihomes.com\/szolgaltatasaink\/"]}]},{"@type":"ImageObject","inLanguage":"en-US","@id":"https:\/\/pastihomes.com\/szolgaltatasaink\/#primaryimage","url":"https:\/\/pastihomes.com\/wp-content\/uploads\/2026\/02\/ingatlan-ertekesites-es-berbeadas-fulhoz.jpg","contentUrl":"https:\/\/pastihomes.com\/wp-content\/uploads\/2026\/02\/ingatlan-ertekesites-es-berbeadas-fulhoz.jpg"},{"@type":"BreadcrumbList","@id":"https:\/\/pastihomes.com\/szolgaltatasaink\/#breadcrumb","itemListElement":[{"@type":"ListItem","position":1,"name":"Kezd\u0151lap","item":"https:\/\/pastihomes.com\/"},{"@type":"ListItem","position":2,"name":"Szolg\u00e1ltat\u00e1saink"}]},{"@type":"WebSite","@id":"https:\/\/pastihomes.com\/#website","url":"https:\/\/pastihomes.com\/","name":"PASTI HOMES","description":"Pasti Homes Real estates","publisher":{"@id":"https:\/\/pastihomes.com\/#organization"},"potentialAction":[{"@type":"SearchAction","target":{"@type":"EntryPoint","urlTemplate":"https:\/\/pastihomes.com\/?s={search_term_string}"},"query-input":{"@type":"PropertyValueSpecification","valueRequired":true,"valueName":"search_term_string"}}],"inLanguage":"en-US"},{"@type":"Organization","@id":"https:\/\/pastihomes.com\/#organization","name":"P\u00c1STI HOMES","url":"https:\/\/pastihomes.com\/","logo":{"@type":"ImageObject","inLanguage":"en-US","@id":"https:\/\/pastihomes.com\/#\/schema\/logo\/image\/","url":"https:\/\/pastihomes.com\/wp-content\/uploads\/2020\/12\/pasti_logo_02_arany.png","contentUrl":"https:\/\/pastihomes.com\/wp-content\/uploads\/2020\/12\/pasti_logo_02_arany.png","width":500,"height":300,"caption":"P\u00c1STI HOMES"},"image":{"@id":"https:\/\/pastihomes.com\/#\/schema\/logo\/image\/"},"sameAs":["https:\/\/www.facebook.com\/pastihomes","https:\/\/www.instagram.com\/beatapasti\/"]}]}},"_links":{"self":[{"href":"https:\/\/pastihomes.com\/en\/wp-json\/wp\/v2\/pages\/2802","targetHints":{"allow":["GET"]}}],"collection":[{"href":"https:\/\/pastihomes.com\/en\/wp-json\/wp\/v2\/pages"}],"about":[{"href":"https:\/\/pastihomes.com\/en\/wp-json\/wp\/v2\/types\/page"}],"author":[{"embeddable":true,"href":"https:\/\/pastihomes.com\/en\/wp-json\/wp\/v2\/users\/1"}],"replies":[{"embeddable":true,"href":"https:\/\/pastihomes.com\/en\/wp-json\/wp\/v2\/comments?post=2802"}],"version-history":[{"count":29,"href":"https:\/\/pastihomes.com\/en\/wp-json\/wp\/v2\/pages\/2802\/revisions"}],"predecessor-version":[{"id":49180,"href":"https:\/\/pastihomes.com\/en\/wp-json\/wp\/v2\/pages\/2802\/revisions\/49180"}],"wp:attachment":[{"href":"https:\/\/pastihomes.com\/en\/wp-json\/wp\/v2\/media?parent=2802"}],"wp:term":[{"taxonomy":"post_tag","embeddable":true,"href":"https:\/\/pastihomes.com\/en\/wp-json\/wp\/v2\/tags?post=2802"}],"curies":[{"name":"wp","href":"https:\/\/api.w.org\/{rel}","templated":true}]}}