{"id":2803,"date":"2020-02-15T19:01:47","date_gmt":"2020-02-16T00:01:47","guid":{"rendered":"https:\/\/sites.generatepress.com\/abstract\/?page_id=574"},"modified":"2026-02-03T17:23:43","modified_gmt":"2026-02-03T16:23:43","slug":"kapcsolat","status":"publish","type":"page","link":"https:\/\/pastihomes.com\/en\/kapcsolat\/","title":{"rendered":"Kapcsolat"},"content":{"rendered":"<div class=\"gb-element-26c254aa\">\n<div class=\"gb-element-f5cccb6c\">\n<h1 class=\"gb-text gb-text-554e86c6\">Vedd fel vel\u00fcnk a kapcsolatot!<\/h1>\n<\/div>\n\n\n\n<div class=\"gb-element-58b5e09a\">\n<section class=\"gb-element-4fb07469\">\n<div class=\"gb-element-45ca8b79\">\n<h2 class=\"gb-text\">El\u00e9rhet\u0151s\u00e9geink<\/h2>\n\n\n\n<p>Fordulj hozz\u00e1nk bizalommal, szeretettel v\u00e1runk!<\/p>\n\n\n\n<p>P\u00e1sti Be\u00e1ta<br>enteri\u0151r tervez\u0151 &amp; ingatlan \u00e9rt\u00e9kes\u00edt\u00e9si tan\u00e1csad\u00f3&nbsp;<\/p>\n\n\n\n<p><a href=\"http:\/\/+36 30 748 4380\" target=\"_blank\" rel=\"noreferrer noopener\">+36 30 748 4380<\/a><\/p>\n\n\n\n<p>pastibea.homes@gmail.com <br><a href=\"https:\/\/pastihomes.com\/en\/\">pastihomes.com<\/a><\/p>\n\n\n\n<p class=\"gb-text-0d2334e2\"><span class=\"gb-shape\"><svg xmlns=\"http:\/\/www.w3.org\/2000\/svg\" viewbox=\"0 0 384 512\" width=\"1em\" height=\"1em\" aria-hidden=\"true\"><path d=\"M172.268 501.67C26.97 291.031 0 269.413 0 192 0 85.961 85.961 0 192 0s192 85.961 192 192c0 77.413-26.97 99.031-172.268 309.67-9.535 13.774-29.93 13.773-39.464 0zM192 272c44.183 0 80-35.817 80-80s-35.817-80-80-80-80 35.817-80 80 35.817 80 80 80z\" fill=\"currentColor\"><\/path><\/svg><\/span><span class=\"gb-text\"><strong>IRODA C\u00cdME:<\/strong><\/span><\/p>\n\n\n\n<p>1122, BUDAPEST, KRISZTINA KRT. 35. FSZ 6.<\/p>\n<\/div>\n\n\n\n<div class=\"gb-element-1f31d96e\"><div class='fluentform ff-default fluentform_wrapper_3 ffs_default_wrap'><form data-form_id=\"3\" id=\"fluentform_3\" class=\"frm-fluent-form fluent_form_3 ff-el-form-top ff_form_instance_3_1 ff-form-loading ffs_default\" data-form_instance=\"ff_form_instance_3_1\" method=\"POST\" action=\"\" ><fieldset  style=\"border: none!important;margin: 0!important;padding: 0!important;background-color: transparent!important;box-shadow: none!important;outline: none!important; min-inline-size: 100%;\">\n                    <legend class=\"ff_screen_reader_title\" style=\"display: block; margin: 0!important;padding: 0!important;height: 0!important;text-indent: -999999px;width: 0!important;overflow:hidden;\">Contact Form<\/legend><input type='hidden' name='__fluent_form_embded_post_id' value='2803' \/><input type=\"hidden\" id=\"_fluentform_3_fluentformnonce\" name=\"_fluentform_3_fluentformnonce\" value=\"355a485cf5\" \/><input type=\"hidden\" name=\"_wp_http_referer\" value=\"\/en\/wp-json\/wp\/v2\/pages\/2803\" \/><div data-type=\"name-element\" data-name=\"names\" class=\"ff-field_container ff-name-field-wrapper\" ><div class='ff-t-container'><div class='ff-t-cell'><div class='ff-el-group'><div class=\"ff-el-input--label ff-el-is-required asterisk-right\"><label for='ff_3_names_first_name_' id='label_ff_3_names_first_name_' >Keresztn\u00e9v<\/label><\/div><div class='ff-el-input--content'><input type=\"text\" name=\"names[first_name]\" id=\"ff_3_names_first_name_\" class=\"ff-el-form-control\" placeholder=\"Keresztn\u00e9v\" aria-invalid=\"false\" aria-required=\"true\"><\/div><\/div><\/div><div class='ff-t-cell'><div class='ff-el-group'><div class=\"ff-el-input--label ff-el-is-required asterisk-right\"><label for='ff_3_names_last_name_' id='label_ff_3_names_last_name_' >Vezet\u00e9kn\u00e9v<\/label><\/div><div class='ff-el-input--content'><input type=\"text\" name=\"names[last_name]\" id=\"ff_3_names_last_name_\" class=\"ff-el-form-control\" placeholder=\"Vezet\u00e9kn\u00e9v\" aria-invalid=\"false\" aria-required=\"true\"><\/div><\/div><\/div><\/div><\/div><div class='ff-el-group'><div class=\"ff-el-input--label ff-el-is-required asterisk-right\"><label for='ff_3_email' id='label_ff_3_email' aria-label=\"Saj\u00e1t e-mail c\u00edmed\">Saj\u00e1t e-mail c\u00edmed<\/label><\/div><div class='ff-el-input--content'><input type=\"email\" name=\"email\" id=\"ff_3_email\" class=\"ff-el-form-control\" placeholder=\"Email\" data-name=\"email\"  aria-invalid=\"false\" aria-required=\"true\"><\/div><\/div><div class='ff-el-group'><div class=\"ff-el-input--label ff-el-is-required asterisk-right\"><label for='ff_3_message' id='label_ff_3_message' aria-label=\"E-mail t\u00e1rgya\">E-mail t\u00e1rgya<\/label><\/div><div class='ff-el-input--content'><textarea aria-required=\"true\" aria-labelledby=\"label_ff_3_message\" name=\"message\" id=\"ff_3_message\" class=\"ff-el-form-control\" placeholder=\"\u00dczenet\" rows=\"4\" cols=\"2\" data-name=\"message\" ><\/textarea><\/div><\/div><div class='ff-el-group ff-text-right ff_submit_btn_wrapper'><button type=\"submit\" class=\"ff-btn ff-btn-submit ff-btn-md ff_btn_no_style\"  aria-label=\"Elk\u00fcld\u00f6m az \u00fczenetet\">Elk\u00fcld\u00f6m az \u00fczenetet<\/button><\/div><\/fieldset><input type=\"hidden\" name=\"trp-form-language\" value=\"en\"\/><\/form><div id='fluentform_3_errors' class='ff-errors-in-stack ff_form_instance_3_1 ff-form-loading_errors ff_form_instance_3_1_errors'><\/div><\/div>            <script type=\"text\/javascript\">\n                window.fluent_form_ff_form_instance_3_1 = {\"id\":\"3\",\"settings\":{\"layout\":{\"labelPlacement\":\"top\",\"asteriskPlacement\":\"asterisk-right\",\"helpMessagePlacement\":\"with_label\",\"errorMessagePlacement\":\"inline\",\"cssClassName\":\"\"},\"restrictions\":{\"denyEmptySubmission\":{\"enabled\":false}}},\"form_instance\":\"ff_form_instance_3_1\",\"form_id_selector\":\"fluentform_3\",\"rules\":{\"names[first_name]\":{\"required\":{\"value\":true,\"message\":\"This field is required\",\"global\":true,\"global_message\":\"This field is required\"}},\"names[middle_name]\":{\"required\":{\"value\":false,\"message\":\"This field is required\",\"global\":true,\"global_message\":\"This field is required\"}},\"names[last_name]\":{\"required\":{\"value\":true,\"message\":\"This field is required\",\"global\":true,\"global_message\":\"This field is required\"}},\"email\":{\"required\":{\"value\":true,\"message\":\"This field is required\",\"global\":true,\"global_message\":\"This field is required\"},\"email\":{\"value\":true,\"message\":\"Ez egy k\\u00f6telez\\u0151 mez\\u0151\",\"global\":false,\"global_message\":\"This field must contain a valid email\"}},\"message\":{\"required\":{\"value\":true,\"message\":\"Ez egy k\\u00f6telez\\u0151 mez\\u0151\",\"global\":false,\"global_message\":\"This field is required\"}}},\"debounce_time\":300};\n                            <\/script>\n            \n<\/div>\n<\/section>\n<\/div>\n<\/div>","protected":false},"excerpt":{"rendered":"","protected":false},"author":1,"featured_media":0,"parent":0,"menu_order":0,"comment_status":"closed","ping_status":"closed","template":"","meta":{"footnotes":""},"tags":[],"class_list":{"0":"post-2803","1":"page","2":"type-page","3":"status-publish","5":"infinite-scroll-item"},"yoast_head":"<!-- This site is optimized with the Yoast SEO Premium plugin v26.9 (Yoast SEO v26.9) - https:\/\/yoast.com\/product\/yoast-seo-premium-wordpress\/ -->\n<title>Kapcsolat - PASTI HOMES<\/title>\n<meta name=\"robots\" content=\"index, follow, max-snippet:-1, max-image-preview:large, max-video-preview:-1\" \/>\n<link rel=\"canonical\" href=\"https:\/\/pastihomes.com\/en\/kapcsolat\/\" \/>\n<meta property=\"og:locale\" content=\"en_US\" \/>\n<meta property=\"og:type\" content=\"article\" \/>\n<meta property=\"og:title\" content=\"Kapcsolat\" \/>\n<meta property=\"og:url\" content=\"https:\/\/pastihomes.com\/en\/kapcsolat\/\" \/>\n<meta property=\"og:site_name\" content=\"PASTI HOMES\" \/>\n<meta property=\"article:publisher\" content=\"https:\/\/www.facebook.com\/pastihomes\" \/>\n<meta property=\"article:modified_time\" content=\"2026-02-03T16:23:43+00:00\" \/>\n<meta name=\"twitter:card\" content=\"summary_large_image\" \/>\n<script type=\"application\/ld+json\" class=\"yoast-schema-graph\">{\"@context\":\"https:\/\/schema.org\",\"@graph\":[{\"@type\":\"WebPage\",\"@id\":\"https:\/\/pastihomes.com\/kapcsolat\/\",\"url\":\"https:\/\/pastihomes.com\/kapcsolat\/\",\"name\":\"Kapcsolat - PASTI HOMES\",\"isPartOf\":{\"@id\":\"https:\/\/pastihomes.com\/#website\"},\"datePublished\":\"2020-02-16T00:01:47+00:00\",\"dateModified\":\"2026-02-03T16:23:43+00:00\",\"breadcrumb\":{\"@id\":\"https:\/\/pastihomes.com\/kapcsolat\/#breadcrumb\"},\"inLanguage\":\"en-US\",\"potentialAction\":[{\"@type\":\"ReadAction\",\"target\":[\"https:\/\/pastihomes.com\/kapcsolat\/\"]}]},{\"@type\":\"BreadcrumbList\",\"@id\":\"https:\/\/pastihomes.com\/kapcsolat\/#breadcrumb\",\"itemListElement\":[{\"@type\":\"ListItem\",\"position\":1,\"name\":\"Kezd\u0151lap\",\"item\":\"https:\/\/pastihomes.com\/\"},{\"@type\":\"ListItem\",\"position\":2,\"name\":\"Kapcsolat\"}]},{\"@type\":\"WebSite\",\"@id\":\"https:\/\/pastihomes.com\/#website\",\"url\":\"https:\/\/pastihomes.com\/\",\"name\":\"PASTI HOMES\",\"description\":\"Pasti Homes Real estates\",\"publisher\":{\"@id\":\"https:\/\/pastihomes.com\/#organization\"},\"potentialAction\":[{\"@type\":\"SearchAction\",\"target\":{\"@type\":\"EntryPoint\",\"urlTemplate\":\"https:\/\/pastihomes.com\/?s={search_term_string}\"},\"query-input\":{\"@type\":\"PropertyValueSpecification\",\"valueRequired\":true,\"valueName\":\"search_term_string\"}}],\"inLanguage\":\"en-US\"},{\"@type\":\"Organization\",\"@id\":\"https:\/\/pastihomes.com\/#organization\",\"name\":\"P\u00c1STI HOMES\",\"url\":\"https:\/\/pastihomes.com\/\",\"logo\":{\"@type\":\"ImageObject\",\"inLanguage\":\"en-US\",\"@id\":\"https:\/\/pastihomes.com\/#\/schema\/logo\/image\/\",\"url\":\"https:\/\/pastihomes.com\/wp-content\/uploads\/2020\/12\/pasti_logo_02_arany.png\",\"contentUrl\":\"https:\/\/pastihomes.com\/wp-content\/uploads\/2020\/12\/pasti_logo_02_arany.png\",\"width\":500,\"height\":300,\"caption\":\"P\u00c1STI HOMES\"},\"image\":{\"@id\":\"https:\/\/pastihomes.com\/#\/schema\/logo\/image\/\"},\"sameAs\":[\"https:\/\/www.facebook.com\/pastihomes\",\"https:\/\/www.instagram.com\/beatapasti\/\"]}]}<\/script>\n<!-- \/ Yoast SEO Premium plugin. -->","yoast_head_json":{"title":"Kapcsolat - PASTI HOMES","robots":{"index":"index","follow":"follow","max-snippet":"max-snippet:-1","max-image-preview":"max-image-preview:large","max-video-preview":"max-video-preview:-1"},"canonical":"https:\/\/pastihomes.com\/en\/kapcsolat\/","og_locale":"en_US","og_type":"article","og_title":"Kapcsolat","og_url":"https:\/\/pastihomes.com\/en\/kapcsolat\/","og_site_name":"PASTI HOMES","article_publisher":"https:\/\/www.facebook.com\/pastihomes","article_modified_time":"2026-02-03T16:23:43+00:00","twitter_card":"summary_large_image","schema":{"@context":"https:\/\/schema.org","@graph":[{"@type":"WebPage","@id":"https:\/\/pastihomes.com\/kapcsolat\/","url":"https:\/\/pastihomes.com\/kapcsolat\/","name":"Kapcsolat - PASTI HOMES","isPartOf":{"@id":"https:\/\/pastihomes.com\/#website"},"datePublished":"2020-02-16T00:01:47+00:00","dateModified":"2026-02-03T16:23:43+00:00","breadcrumb":{"@id":"https:\/\/pastihomes.com\/kapcsolat\/#breadcrumb"},"inLanguage":"en-US","potentialAction":[{"@type":"ReadAction","target":["https:\/\/pastihomes.com\/kapcsolat\/"]}]},{"@type":"BreadcrumbList","@id":"https:\/\/pastihomes.com\/kapcsolat\/#breadcrumb","itemListElement":[{"@type":"ListItem","position":1,"name":"Kezd\u0151lap","item":"https:\/\/pastihomes.com\/"},{"@type":"ListItem","position":2,"name":"Kapcsolat"}]},{"@type":"WebSite","@id":"https:\/\/pastihomes.com\/#website","url":"https:\/\/pastihomes.com\/","name":"PASTI HOMES","description":"Pasti Homes Real estates","publisher":{"@id":"https:\/\/pastihomes.com\/#organization"},"potentialAction":[{"@type":"SearchAction","target":{"@type":"EntryPoint","urlTemplate":"https:\/\/pastihomes.com\/?s={search_term_string}"},"query-input":{"@type":"PropertyValueSpecification","valueRequired":true,"valueName":"search_term_string"}}],"inLanguage":"en-US"},{"@type":"Organization","@id":"https:\/\/pastihomes.com\/#organization","name":"P\u00c1STI HOMES","url":"https:\/\/pastihomes.com\/","logo":{"@type":"ImageObject","inLanguage":"en-US","@id":"https:\/\/pastihomes.com\/#\/schema\/logo\/image\/","url":"https:\/\/pastihomes.com\/wp-content\/uploads\/2020\/12\/pasti_logo_02_arany.png","contentUrl":"https:\/\/pastihomes.com\/wp-content\/uploads\/2020\/12\/pasti_logo_02_arany.png","width":500,"height":300,"caption":"P\u00c1STI HOMES"},"image":{"@id":"https:\/\/pastihomes.com\/#\/schema\/logo\/image\/"},"sameAs":["https:\/\/www.facebook.com\/pastihomes","https:\/\/www.instagram.com\/beatapasti\/"]}]}},"_links":{"self":[{"href":"https:\/\/pastihomes.com\/en\/wp-json\/wp\/v2\/pages\/2803","targetHints":{"allow":["GET"]}}],"collection":[{"href":"https:\/\/pastihomes.com\/en\/wp-json\/wp\/v2\/pages"}],"about":[{"href":"https:\/\/pastihomes.com\/en\/wp-json\/wp\/v2\/types\/page"}],"author":[{"embeddable":true,"href":"https:\/\/pastihomes.com\/en\/wp-json\/wp\/v2\/users\/1"}],"replies":[{"embeddable":true,"href":"https:\/\/pastihomes.com\/en\/wp-json\/wp\/v2\/comments?post=2803"}],"version-history":[{"count":4,"href":"https:\/\/pastihomes.com\/en\/wp-json\/wp\/v2\/pages\/2803\/revisions"}],"predecessor-version":[{"id":48762,"href":"https:\/\/pastihomes.com\/en\/wp-json\/wp\/v2\/pages\/2803\/revisions\/48762"}],"wp:attachment":[{"href":"https:\/\/pastihomes.com\/en\/wp-json\/wp\/v2\/media?parent=2803"}],"wp:term":[{"taxonomy":"post_tag","embeddable":true,"href":"https:\/\/pastihomes.com\/en\/wp-json\/wp\/v2\/tags?post=2803"}],"curies":[{"name":"wp","href":"https:\/\/api.w.org\/{rel}","templated":true}]}}