{"id":48632,"date":"2025-10-06T15:14:47","date_gmt":"2025-10-06T15:14:47","guid":{"rendered":"https:\/\/staging.onlineforge.cloud\/?page_id=48632"},"modified":"2025-10-06T22:34:29","modified_gmt":"2025-10-06T20:34:29","slug":"arak","status":"publish","type":"page","link":"https:\/\/pastihomes.com\/en\/arak\/","title":{"rendered":"\u00c1rak"},"content":{"rendered":"<div class=\"gb-element-a3f34927\">\n<div class=\"gb-element-564fa3d4\">\n<h2 class=\"gb-text\">Hogyan dolgozunk?<\/h2>\n\n\n\n<ol class=\"wp-block-list\">\n<li>A kapcsolatfelv\u00e9telt k\u00f6vet\u0151en <strong>a tan\u00e1csad\u00e1si tev\u00e9kenys\u00e9g\u00fcnket egy szak\u00e9rt\u0151i tan\u00e1csad\u00e1s k\u00f6veti online vagy az irod\u00e1nkban.<\/strong><\/li>\n\n\n\n<li><strong>Tan\u00e1csad\u00e1s el\u0151tt min. 24-48 \u00f3r\u00e1val el\u0151zetesen sz\u00fcks\u00e9ges elk\u00fcldeni <\/strong>az ingatlanra vonatkoz\u00f3 inform\u00e1ci\u00f3kat e-mailben egy \u00e1ltalunk k\u00fcld\u00f6tt k\u00e9rd\u00e9ssornak ( pl. m\u00e9retezett alaprajz, tulajdoni lap)\u00a0 megfelel\u0151en.<\/li>\n\n\n\n<li><strong>Ezt k\u00f6veti az ingatlan helysz\u00edni bej\u00e1r\u00e1sa<\/strong> ig\u00e9ny eset\u00e9n.<\/li>\n\n\n\n<li>A helysz\u00edni bej\u00e1r\u00e1s, valamint a c\u00e9lok meghat\u00e1roz\u00e1s\u00e1t k\u00f6vet\u0151en megt\u00f6rt\u00e9nik az<strong> aj\u00e1nlatad\u00e1s az adott munk\u00e1ra.<\/strong><\/li>\n\n\n\n<li><strong>Az el\u0151leg megfizet\u00e9s\u00e9t k\u00f6vet\u0151en kezdet\u00e9t veszi a tan\u00e1csad\u00e1si, tervez\u00e9si vagy home-staging szolg\u00e1ltat\u00e1s, mely az egyeztetett hat\u00e1rid\u0151nek megfelel\u0151en t\u00f6rt\u00e9nik meg.\u00a0<\/strong><\/li>\n\n\n\n<li>Irod\u00e1nkban vagy online tan\u00e1csad\u00e1st k\u00f6vet\u0151en k\u00e9szp\u00e9nzben vagy utal\u00e1ssal t\u00f6rt\u00e9nik a szolg\u00e1ltat\u00e1s kifizet\u00e9se.<\/li>\n<\/ol>\n<\/div>\n<\/div>\n\n\n\n<div class=\"gb-element-a8a38236\">\n<div class=\"gb-element-3d706124\">\n<h2 class=\"gb-text\">\u00c1raink<\/h2>\n\n\n\n<figure class=\"wp-block-table\"><table class=\"has-fixed-layout\"><thead><tr><th class=\"has-text-align-center\" data-align=\"center\">Szolg\u00e1ltat\u00e1s<\/th><th class=\"has-text-align-center\" data-align=\"center\">Szolg\u00e1ltat\u00e1s le\u00edr\u00e1sa<\/th><th class=\"has-text-align-center\" data-align=\"center\">\u00c1r<\/th><\/tr><\/thead><tbody><tr><td class=\"has-text-align-center\" data-align=\"center\"><strong>Els\u0151 telefonos egyeztet\u00e9s az ingatlanr\u00f3l<\/strong><\/td><td class=\"has-text-align-center\" data-align=\"center\">max. 20 perc<\/td><td class=\"has-text-align-center\" data-align=\"center\">ingyenes<\/td><\/tr><tr><td class=\"has-text-align-center\" data-align=\"center\"><strong>Szak\u00e9rt\u0151i tan\u00e1csad\u00e1s online vagy irod\u00e1nkban<\/strong><\/td><td class=\"has-text-align-center\" data-align=\"center\">sz\u00f3beli tan\u00e1csad\u00e1s \u00edr\u00e1sos feljegyz\u00e9s n\u00e9lk\u00fcl<\/td><td class=\"has-text-align-center\" data-align=\"center\">35 000 HUF\/\u00f3ra\u00a0<\/td><\/tr><tr><td class=\"has-text-align-center\" data-align=\"center\"><strong>Szak\u00e9rt\u0151i tan\u00e1csad\u00e1s online vagy irod\u00e1nkban<\/strong><\/td><td class=\"has-text-align-center\" data-align=\"center\">sz\u00f3beli tan\u00e1csad\u00e1s \u00edr\u00e1sos feljegyz\u00e9ssel<\/td><td class=\"has-text-align-center\" data-align=\"center\">50 000 HUF\/\u00f3ra\u00a0<\/td><\/tr><tr><td class=\"has-text-align-center\" data-align=\"center\"><strong>Helysz\u00edni bej\u00e1r\u00e1s<\/strong> &#8211; Budapest \u00e9s vonz\u00e1sk\u00f6rzet\u00e9ben<\/td><td class=\"has-text-align-center\" data-align=\"center\">max. 2 \u00f3ra\u00a0<br>(kisz\u00e1ll\u00e1si d\u00edjat tartalmaz)<\/td><td class=\"has-text-align-center\" data-align=\"center\">80 000 HUF\/alkalom<\/td><\/tr><tr><td class=\"has-text-align-center\" data-align=\"center\"><strong>Helysz\u00edni bej\u00e1r\u00e1s<\/strong> &#8211; vid\u00e9ken<\/td><td class=\"has-text-align-center\" data-align=\"center\">max. 2 \u00f3ra<br>(kisz\u00e1ll\u00e1si d\u00edj km alapj\u00e1n sz\u00e1molva)<\/td><td class=\"has-text-align-center\" data-align=\"center\">egyedi aj\u00e1nlat szerint<\/td><\/tr><tr><td class=\"has-text-align-center\" data-align=\"center\"><strong>Tervez\u00e9s ig\u00e9nyfelm\u00e9r\u00e9s alapj\u00e1n<\/strong><\/td><td class=\"has-text-align-center\" data-align=\"center\">a tervek \u00e9s a koncepci\u00f3 komplexit\u00e1sa f\u00fcggv\u00e9ny\u00e9ben<\/td><td class=\"has-text-align-center\" data-align=\"center\">egyedi aj\u00e1nlat szerint<\/td><\/tr><\/tbody><\/table><\/figure>\n<\/div>\n<\/div>","protected":false},"excerpt":{"rendered":"","protected":false},"author":1,"featured_media":0,"parent":0,"menu_order":0,"comment_status":"closed","ping_status":"closed","template":"","meta":{"footnotes":""},"tags":[],"class_list":{"0":"post-48632","1":"page","2":"type-page","3":"status-publish","5":"infinite-scroll-item"},"yoast_head":"<!-- This site is optimized with the Yoast SEO Premium plugin v26.9 (Yoast SEO v26.9) - https:\/\/yoast.com\/product\/yoast-seo-premium-wordpress\/ -->\n<title>\u00c1rak - PASTI HOMES<\/title>\n<meta name=\"robots\" content=\"index, follow, max-snippet:-1, max-image-preview:large, max-video-preview:-1\" \/>\n<link rel=\"canonical\" href=\"https:\/\/pastihomes.com\/en\/arak\/\" \/>\n<meta property=\"og:locale\" content=\"en_US\" \/>\n<meta property=\"og:type\" content=\"article\" \/>\n<meta property=\"og:title\" content=\"\u00c1rak\" \/>\n<meta property=\"og:url\" content=\"https:\/\/pastihomes.com\/en\/arak\/\" \/>\n<meta property=\"og:site_name\" content=\"PASTI HOMES\" \/>\n<meta property=\"article:publisher\" content=\"https:\/\/www.facebook.com\/pastihomes\" \/>\n<meta property=\"article:modified_time\" content=\"2025-10-06T20:34:29+00:00\" \/>\n<meta name=\"twitter:card\" content=\"summary_large_image\" \/>\n<meta name=\"twitter:label1\" content=\"Est. reading time\" \/>\n\t<meta name=\"twitter:data1\" content=\"1 minute\" \/>\n<script type=\"application\/ld+json\" class=\"yoast-schema-graph\">{\"@context\":\"https:\/\/schema.org\",\"@graph\":[{\"@type\":\"WebPage\",\"@id\":\"https:\/\/pastihomes.com\/arak\/\",\"url\":\"https:\/\/pastihomes.com\/arak\/\",\"name\":\"\u00c1rak - PASTI HOMES\",\"isPartOf\":{\"@id\":\"https:\/\/pastihomes.com\/#website\"},\"datePublished\":\"2025-10-06T15:14:47+00:00\",\"dateModified\":\"2025-10-06T20:34:29+00:00\",\"breadcrumb\":{\"@id\":\"https:\/\/pastihomes.com\/arak\/#breadcrumb\"},\"inLanguage\":\"en-US\",\"potentialAction\":[{\"@type\":\"ReadAction\",\"target\":[\"https:\/\/pastihomes.com\/arak\/\"]}]},{\"@type\":\"BreadcrumbList\",\"@id\":\"https:\/\/pastihomes.com\/arak\/#breadcrumb\",\"itemListElement\":[{\"@type\":\"ListItem\",\"position\":1,\"name\":\"Kezd\u0151lap\",\"item\":\"https:\/\/pastihomes.com\/\"},{\"@type\":\"ListItem\",\"position\":2,\"name\":\"\u00c1rak\"}]},{\"@type\":\"WebSite\",\"@id\":\"https:\/\/pastihomes.com\/#website\",\"url\":\"https:\/\/pastihomes.com\/\",\"name\":\"PASTI HOMES\",\"description\":\"Pasti Homes Real estates\",\"publisher\":{\"@id\":\"https:\/\/pastihomes.com\/#organization\"},\"potentialAction\":[{\"@type\":\"SearchAction\",\"target\":{\"@type\":\"EntryPoint\",\"urlTemplate\":\"https:\/\/pastihomes.com\/?s={search_term_string}\"},\"query-input\":{\"@type\":\"PropertyValueSpecification\",\"valueRequired\":true,\"valueName\":\"search_term_string\"}}],\"inLanguage\":\"en-US\"},{\"@type\":\"Organization\",\"@id\":\"https:\/\/pastihomes.com\/#organization\",\"name\":\"P\u00c1STI HOMES\",\"url\":\"https:\/\/pastihomes.com\/\",\"logo\":{\"@type\":\"ImageObject\",\"inLanguage\":\"en-US\",\"@id\":\"https:\/\/pastihomes.com\/#\/schema\/logo\/image\/\",\"url\":\"https:\/\/pastihomes.com\/wp-content\/uploads\/2020\/12\/pasti_logo_02_arany.png\",\"contentUrl\":\"https:\/\/pastihomes.com\/wp-content\/uploads\/2020\/12\/pasti_logo_02_arany.png\",\"width\":500,\"height\":300,\"caption\":\"P\u00c1STI HOMES\"},\"image\":{\"@id\":\"https:\/\/pastihomes.com\/#\/schema\/logo\/image\/\"},\"sameAs\":[\"https:\/\/www.facebook.com\/pastihomes\",\"https:\/\/www.instagram.com\/beatapasti\/\"]}]}<\/script>\n<!-- \/ Yoast SEO Premium plugin. -->","yoast_head_json":{"title":"\u00c1rak - PASTI HOMES","robots":{"index":"index","follow":"follow","max-snippet":"max-snippet:-1","max-image-preview":"max-image-preview:large","max-video-preview":"max-video-preview:-1"},"canonical":"https:\/\/pastihomes.com\/en\/arak\/","og_locale":"en_US","og_type":"article","og_title":"\u00c1rak","og_url":"https:\/\/pastihomes.com\/en\/arak\/","og_site_name":"PASTI HOMES","article_publisher":"https:\/\/www.facebook.com\/pastihomes","article_modified_time":"2025-10-06T20:34:29+00:00","twitter_card":"summary_large_image","twitter_misc":{"Est. reading time":"1 minute"},"schema":{"@context":"https:\/\/schema.org","@graph":[{"@type":"WebPage","@id":"https:\/\/pastihomes.com\/arak\/","url":"https:\/\/pastihomes.com\/arak\/","name":"\u00c1rak - PASTI HOMES","isPartOf":{"@id":"https:\/\/pastihomes.com\/#website"},"datePublished":"2025-10-06T15:14:47+00:00","dateModified":"2025-10-06T20:34:29+00:00","breadcrumb":{"@id":"https:\/\/pastihomes.com\/arak\/#breadcrumb"},"inLanguage":"en-US","potentialAction":[{"@type":"ReadAction","target":["https:\/\/pastihomes.com\/arak\/"]}]},{"@type":"BreadcrumbList","@id":"https:\/\/pastihomes.com\/arak\/#breadcrumb","itemListElement":[{"@type":"ListItem","position":1,"name":"Kezd\u0151lap","item":"https:\/\/pastihomes.com\/"},{"@type":"ListItem","position":2,"name":"\u00c1rak"}]},{"@type":"WebSite","@id":"https:\/\/pastihomes.com\/#website","url":"https:\/\/pastihomes.com\/","name":"PASTI HOMES","description":"Pasti Homes Real estates","publisher":{"@id":"https:\/\/pastihomes.com\/#organization"},"potentialAction":[{"@type":"SearchAction","target":{"@type":"EntryPoint","urlTemplate":"https:\/\/pastihomes.com\/?s={search_term_string}"},"query-input":{"@type":"PropertyValueSpecification","valueRequired":true,"valueName":"search_term_string"}}],"inLanguage":"en-US"},{"@type":"Organization","@id":"https:\/\/pastihomes.com\/#organization","name":"P\u00c1STI HOMES","url":"https:\/\/pastihomes.com\/","logo":{"@type":"ImageObject","inLanguage":"en-US","@id":"https:\/\/pastihomes.com\/#\/schema\/logo\/image\/","url":"https:\/\/pastihomes.com\/wp-content\/uploads\/2020\/12\/pasti_logo_02_arany.png","contentUrl":"https:\/\/pastihomes.com\/wp-content\/uploads\/2020\/12\/pasti_logo_02_arany.png","width":500,"height":300,"caption":"P\u00c1STI HOMES"},"image":{"@id":"https:\/\/pastihomes.com\/#\/schema\/logo\/image\/"},"sameAs":["https:\/\/www.facebook.com\/pastihomes","https:\/\/www.instagram.com\/beatapasti\/"]}]}},"_links":{"self":[{"href":"https:\/\/pastihomes.com\/en\/wp-json\/wp\/v2\/pages\/48632","targetHints":{"allow":["GET"]}}],"collection":[{"href":"https:\/\/pastihomes.com\/en\/wp-json\/wp\/v2\/pages"}],"about":[{"href":"https:\/\/pastihomes.com\/en\/wp-json\/wp\/v2\/types\/page"}],"author":[{"embeddable":true,"href":"https:\/\/pastihomes.com\/en\/wp-json\/wp\/v2\/users\/1"}],"replies":[{"embeddable":true,"href":"https:\/\/pastihomes.com\/en\/wp-json\/wp\/v2\/comments?post=48632"}],"version-history":[{"count":0,"href":"https:\/\/pastihomes.com\/en\/wp-json\/wp\/v2\/pages\/48632\/revisions"}],"wp:attachment":[{"href":"https:\/\/pastihomes.com\/en\/wp-json\/wp\/v2\/media?parent=48632"}],"wp:term":[{"taxonomy":"post_tag","embeddable":true,"href":"https:\/\/pastihomes.com\/en\/wp-json\/wp\/v2\/tags?post=48632"}],"curies":[{"name":"wp","href":"https:\/\/api.w.org\/{rel}","templated":true}]}}